{"id":328,"date":"2019-10-23T11:34:36","date_gmt":"2019-10-23T09:34:36","guid":{"rendered":"https:\/\/rotary-plants.org\/?page_id=328"},"modified":"2026-01-22T13:15:47","modified_gmt":"2026-01-22T11:15:47","slug":"projekte","status":"publish","type":"page","link":"https:\/\/www.lupovet-pflanzt.org\/index.php\/projekte\/","title":{"rendered":"Kampagne"},"content":{"rendered":"<p style=\"text-align: justify;\"><span style=\"font-size: 14pt;\">1. Ziel: Bis Ende 2021 wollten wir mindestens 25.000 B\u00e4ume pflanzen. Das ist uns gelungen!<\/span><\/p>\n<p style=\"text-align: justify;\"><span style=\"font-size: 14pt;\">2. Ziel: 50.000 B\u00e4ume bis Ende 2025. Auch diese Ziel wurde am 25.11.2025 erreicht. Danke an alle Unterst\u00fctzer!<\/span><\/p>\n<h2><strong>Neues Ziel: 60.000 B\u00e4ume bis Ende 2027<\/strong><br \/>\nHier kannst auch du unsere Aktion direkt unterst\u00fctzen:<\/h2>\n<p><a href=\"https:\/\/web.plant-for-the-planet.org\/de\/t\/rotary-plants-org\" target=\"_blank\" rel=\"noopener\"><img loading=\"lazy\" decoding=\"async\" class=\"aligncenter size-full wp-image-1229\" src=\"https:\/\/www.lupovet-pflanzt.org\/wp-content\/uploads\/2025\/03\/Plant_for_the_planet_5.jpg\" alt=\"\" width=\"1411\" height=\"460\" srcset=\"https:\/\/www.lupovet-pflanzt.org\/wp-content\/uploads\/2025\/03\/Plant_for_the_planet_5.jpg 1411w, https:\/\/www.lupovet-pflanzt.org\/wp-content\/uploads\/2025\/03\/Plant_for_the_planet_5-300x98.jpg 300w, https:\/\/www.lupovet-pflanzt.org\/wp-content\/uploads\/2025\/03\/Plant_for_the_planet_5-1024x334.jpg 1024w, https:\/\/www.lupovet-pflanzt.org\/wp-content\/uploads\/2025\/03\/Plant_for_the_planet_5-768x250.jpg 768w\" sizes=\"auto, (max-width: 1411px) 100vw, 1411px\" \/><\/a><\/p>\n<p style=\"text-align: justify;\"><strong>\u00a0<\/strong><\/p>\n<div class=\"n2-has-copy n2-code n2-ss-slider-shortcode-id\"><\/div>\n<p style=\"text-align: justify;\"><strong>\u00a0<\/strong><\/p>\n<p style=\"text-align: justify;\"><strong>\u00dcber Plant-for-the-Planet<\/strong><br \/>\nDie Kinder- und Jugendinitiative <a href=\"https:\/\/www.plant-for-the-planet.org\" target=\"_blank\" rel=\"noopener noreferrer\"><strong>Plant-for-the-Planet<\/strong><\/a> wurde im Januar 2007 ins Leben gerufen. Der damals neunj\u00e4hrige Felix Finkbeiner forderte am Ende eines Schulreferats \u00fcber die Klimakrise seine Mitsch\u00fcler auf: \u201eLasst uns in jedem Land der Erde eine Million B\u00e4ume pflanzen!\u201c Ziel der Kinder- und Jugendinitiative ist mittlerweile weltweit 1.000 Milliarden B\u00e4ume zu pflanzen. B\u00e4ume sind das g\u00fcnstigste und effektivste Mittel, CO2 zu binden und so der Menschheit einen Zeitjoker zu verschaffen, um die Treibhausgas-Emissionen auf Null zu senken und die Klimakrise abzuschw\u00e4chen. 2011 \u00fcbergab das Umweltprogramm der Vereinten Nationen, kurz UNEP, die traditionsreiche Billion Tree Campaign an Plant-for-the-Planet \u2013 und damit den offiziellen Weltbaumz\u00e4hler. Plant-for-the-Planet hat ihn zum interaktiven Online-Tool gemacht, das zum Mitpflanzen motiviert. Bisher wurden bereits \u00fcber 14 Milliarden B\u00e4ume mit Hilfe vieler Erwachsenen in 193 L\u00e4ndern gepflanzt. In Mexiko pflanzt Plant-for-the-Planet alle 15 Sekunden einen neuen Baum. Das Pflanzprojekt zeigt, wie einfach es ist im gro\u00dfen Stil effizient B\u00e4ume zu pflanzen. Mit eigenen Produkten (z.B. <a href=\"https:\/\/www.plant-for-the-planet.org\/de\/mitmachen\/die-gute-schokolade\" target=\"_blank\" rel=\"noopener noreferrer\"><strong>Die Gute Schokolade<\/strong><\/a>) und Kampagnen (z.B. \u201e<a href=\"https:\/\/www.plant-for-the-planet.org\/de\/mitmachen\/stop-talking-start-planting\" target=\"_blank\" rel=\"noopener noreferrer\"><strong>Stop talking. Start planting.<\/strong><\/a>\u201c) pflanzt die Initiative selbst B\u00e4ume und motiviert zum Mitpflanzen.<\/p>\n<p><strong><a href=\"https:\/\/www.lupovet-pflanzt.org\/index.php\/projekte\/projekt-campeche\/\">Mehr Information zu den Pflanzgebieten von LupoVet.<\/a><\/strong><\/p>\n<p style=\"text-align: justify;\">\n","protected":false},"excerpt":{"rendered":"<p>1. Ziel: Bis Ende 2021 wollten wir mindestens 25.000 B\u00e4ume pflanzen. Das ist uns gelungen! 2. Ziel: 50.000 B\u00e4ume bis Ende 2025. Auch diese Ziel wurde am 25.11.2025 erreicht. Danke an alle Unterst\u00fctzer! Neues Ziel: 60.000 B\u00e4ume bis Ende 2027<\/p>\n","protected":false},"author":3,"featured_media":0,"parent":0,"menu_order":0,"comment_status":"closed","ping_status":"closed","template":"","meta":{"footnotes":""},"class_list":["post-328","page","type-page","status-publish","hentry"],"_links":{"self":[{"href":"https:\/\/www.lupovet-pflanzt.org\/index.php\/wp-json\/wp\/v2\/pages\/328","targetHints":{"allow":["GET"]}}],"collection":[{"href":"https:\/\/www.lupovet-pflanzt.org\/index.php\/wp-json\/wp\/v2\/pages"}],"about":[{"href":"https:\/\/www.lupovet-pflanzt.org\/index.php\/wp-json\/wp\/v2\/types\/page"}],"author":[{"embeddable":true,"href":"https:\/\/www.lupovet-pflanzt.org\/index.php\/wp-json\/wp\/v2\/users\/3"}],"replies":[{"embeddable":true,"href":"https:\/\/www.lupovet-pflanzt.org\/index.php\/wp-json\/wp\/v2\/comments?post=328"}],"version-history":[{"count":39,"href":"https:\/\/www.lupovet-pflanzt.org\/index.php\/wp-json\/wp\/v2\/pages\/328\/revisions"}],"predecessor-version":[{"id":1257,"href":"https:\/\/www.lupovet-pflanzt.org\/index.php\/wp-json\/wp\/v2\/pages\/328\/revisions\/1257"}],"wp:attachment":[{"href":"https:\/\/www.lupovet-pflanzt.org\/index.php\/wp-json\/wp\/v2\/media?parent=328"}],"curies":[{"name":"wp","href":"https:\/\/api.w.org\/{rel}","templated":true}]}}