{"id":440,"date":"2019-10-30T09:56:39","date_gmt":"2019-10-30T07:56:39","guid":{"rendered":"https:\/\/rotary-plants.org\/?page_id=440"},"modified":"2019-11-22T22:31:05","modified_gmt":"2019-11-22T20:31:05","slug":"quellen","status":"publish","type":"page","link":"https:\/\/www.lupovet-pflanzt.org\/index.php\/quellen\/","title":{"rendered":"Quellen"},"content":{"rendered":"<p><strong><span style=\"font-size: 14pt;\">Literatur- und Quellenverzeichnis<\/span><br \/>\n<\/strong>Eine gro\u00dfe Unterst\u00fctzung war und ist uns in vielerlei &#8230; Hinsicht <a href=\"https:\/\/www.volker-quaschning.de\" target=\"_blank\" rel=\"noopener noreferrer\"><strong>Prof. Dr. Volker Quaschning<\/strong><\/a>, herzlichen Dank!<br \/>\nWeitere Quellen sind \u00fcblicherweise direkt bei unseren Informationen sichtbar.<\/p>\n<p><strong>Bildmaterialien<\/strong><br \/>\nWir verwenden Bilder\u00a0 von <a href=\"https:\/\/www.plant-for-the-planet.org\/\" target=\"_blank\" rel=\"noopener noreferrer\">www.plant-for-the-planet.org<\/a> und von <a href=\"http:\/\/www.pixabay.de\" target=\"_blank\" rel=\"noopener noreferrer\">www.pixabay.de<\/a>, ein herzliches Danke an alle Bildautoren!<br \/>\nAbbildungen auf der Seite <a href=\"https:\/\/rotary-plants.org\/index.php\/fakten\/temperaturvergleich\/\">Temperaturvergleich<\/a>:\u00a0 NASA Goddard Institute for Space Studies,<br \/>\nweitere Abbildungen eigenes Bildmaterial von <span class=\"ds23\">Dr.med.vet. Elmar Breuer<\/span> und Eve Pr\u00e4delt<\/p>\n","protected":false},"excerpt":{"rendered":"<p>Literatur- und Quellenverzeichnis Eine gro\u00dfe Unterst\u00fctzung war und ist uns in vielerlei &#8230; Hinsicht Prof. Dr. Volker Quaschning, herzlichen Dank! Weitere Quellen sind \u00fcblicherweise direkt bei unseren Informationen sichtbar. Bildmaterialien Wir verwenden Bilder\u00a0 von www.plant-for-the-planet.org und von www.pixabay.de, ein herzliches<\/p>\n","protected":false},"author":3,"featured_media":0,"parent":0,"menu_order":8,"comment_status":"closed","ping_status":"closed","template":"","meta":{"footnotes":""},"class_list":["post-440","page","type-page","status-publish","hentry"],"_links":{"self":[{"href":"https:\/\/www.lupovet-pflanzt.org\/index.php\/wp-json\/wp\/v2\/pages\/440","targetHints":{"allow":["GET"]}}],"collection":[{"href":"https:\/\/www.lupovet-pflanzt.org\/index.php\/wp-json\/wp\/v2\/pages"}],"about":[{"href":"https:\/\/www.lupovet-pflanzt.org\/index.php\/wp-json\/wp\/v2\/types\/page"}],"author":[{"embeddable":true,"href":"https:\/\/www.lupovet-pflanzt.org\/index.php\/wp-json\/wp\/v2\/users\/3"}],"replies":[{"embeddable":true,"href":"https:\/\/www.lupovet-pflanzt.org\/index.php\/wp-json\/wp\/v2\/comments?post=440"}],"version-history":[{"count":6,"href":"https:\/\/www.lupovet-pflanzt.org\/index.php\/wp-json\/wp\/v2\/pages\/440\/revisions"}],"predecessor-version":[{"id":714,"href":"https:\/\/www.lupovet-pflanzt.org\/index.php\/wp-json\/wp\/v2\/pages\/440\/revisions\/714"}],"wp:attachment":[{"href":"https:\/\/www.lupovet-pflanzt.org\/index.php\/wp-json\/wp\/v2\/media?parent=440"}],"curies":[{"name":"wp","href":"https:\/\/api.w.org\/{rel}","templated":true}]}}