{"id":474,"date":"2019-10-30T14:30:02","date_gmt":"2019-10-30T12:30:02","guid":{"rendered":"https:\/\/rotary-plants.org\/?page_id=474"},"modified":"2021-04-29T07:57:12","modified_gmt":"2021-04-29T05:57:12","slug":"statisiken","status":"publish","type":"page","link":"https:\/\/www.lupovet-pflanzt.org\/index.php\/fakten\/statisiken\/","title":{"rendered":"Grafiken"},"content":{"rendered":"<p>Beim Anklicken der Abbildungen \u00f6ffnen sich diese jeweils als gro\u00dfe Ansicht:<\/p>\n<h3 style=\"text-align: center;\"><strong>Kohlendioxidemissionen in Deutschland<br \/>\n<\/strong><\/h3>\n<p><a href=\"https:\/\/www.lupovet-pflanzt.org\/wp-content\/uploads\/2019\/11\/kohlendioxidemissionen-_deutschland.jpg\" target=\"_blank\" rel=\"noopener noreferrer\"><img loading=\"lazy\" decoding=\"async\" class=\"aligncenter wp-image-695\" src=\"https:\/\/www.lupovet-pflanzt.org\/wp-content\/uploads\/2019\/11\/kohlendioxidemissionen-_deutschland.jpg\" alt=\"\" width=\"697\" height=\"492\" srcset=\"https:\/\/www.lupovet-pflanzt.org\/wp-content\/uploads\/2019\/11\/kohlendioxidemissionen-_deutschland.jpg 1312w, https:\/\/www.lupovet-pflanzt.org\/wp-content\/uploads\/2019\/11\/kohlendioxidemissionen-_deutschland-300x212.jpg 300w, https:\/\/www.lupovet-pflanzt.org\/wp-content\/uploads\/2019\/11\/kohlendioxidemissionen-_deutschland-768x542.jpg 768w, https:\/\/www.lupovet-pflanzt.org\/wp-content\/uploads\/2019\/11\/kohlendioxidemissionen-_deutschland-1024x723.jpg 1024w\" sizes=\"auto, (max-width: 697px) 100vw, 697px\" \/><\/a><\/p>\n<hr \/>\n<h3><\/h3>\n<h3 style=\"text-align: center;\"><strong>T<\/strong><strong>\u00f6dliche Hitzetage (37\u00b0C 100%Feuchte) im Jahr 2100 bei einer Temperaturerh\u00f6hung von 4 &#8211; 5 \u00b0 C<br \/>\n<\/strong><\/h3>\n<p><a href=\"https:\/\/www.lupovet-pflanzt.org\/wp-content\/uploads\/2019\/11\/toedliche_hitzetage2100.jpg\" target=\"_blank\" rel=\"noopener noreferrer\"><img loading=\"lazy\" decoding=\"async\" class=\"aligncenter wp-image-693\" src=\"https:\/\/www.lupovet-pflanzt.org\/wp-content\/uploads\/2019\/11\/toedliche_hitzetage2100.jpg\" alt=\"\" width=\"658\" height=\"466\" srcset=\"https:\/\/www.lupovet-pflanzt.org\/wp-content\/uploads\/2019\/11\/toedliche_hitzetage2100.jpg 1340w, https:\/\/www.lupovet-pflanzt.org\/wp-content\/uploads\/2019\/11\/toedliche_hitzetage2100-300x212.jpg 300w, https:\/\/www.lupovet-pflanzt.org\/wp-content\/uploads\/2019\/11\/toedliche_hitzetage2100-768x544.jpg 768w, https:\/\/www.lupovet-pflanzt.org\/wp-content\/uploads\/2019\/11\/toedliche_hitzetage2100-1024x725.jpg 1024w\" sizes=\"auto, (max-width: 658px) 100vw, 658px\" \/><\/a><\/p>\n<hr \/>\n<h3><\/h3>\n<h3 style=\"text-align: center;\"><strong>Temperaturanstieg bis 2100<br \/>\n<\/strong><\/h3>\n<p style=\"text-align: center;\"><a href=\"https:\/\/www.lupovet-pflanzt.org\/wp-content\/uploads\/2019\/11\/temperaturanstieg_bis_2100.jpg\" target=\"_blank\" rel=\"noopener noreferrer\"><img loading=\"lazy\" decoding=\"async\" class=\"aligncenter wp-image-686\" src=\"https:\/\/www.lupovet-pflanzt.org\/wp-content\/uploads\/2019\/11\/temperaturanstieg_bis_2100.jpg\" alt=\"\" width=\"740\" height=\"525\" srcset=\"https:\/\/www.lupovet-pflanzt.org\/wp-content\/uploads\/2019\/11\/temperaturanstieg_bis_2100.jpg 1340w, https:\/\/www.lupovet-pflanzt.org\/wp-content\/uploads\/2019\/11\/temperaturanstieg_bis_2100-300x213.jpg 300w, https:\/\/www.lupovet-pflanzt.org\/wp-content\/uploads\/2019\/11\/temperaturanstieg_bis_2100-768x544.jpg 768w, https:\/\/www.lupovet-pflanzt.org\/wp-content\/uploads\/2019\/11\/temperaturanstieg_bis_2100-1024x726.jpg 1024w\" sizes=\"auto, (max-width: 740px) 100vw, 740px\" \/><\/a><\/p>\n<hr \/>\n<h3 style=\"text-align: center;\"><strong>Entwicklung der Treibhausgasemissionen in Deutschland nach Sektoren<\/strong><\/h3>\n<p><a href=\"https:\/\/www.lupovet-pflanzt.org\/wp-content\/uploads\/2019\/10\/entwicklung_der_treibhausgasemissionen_in_deutschland_nach_sektoren_1990bis2012_pi-2014-03_2.jpg\" target=\"_blank\" rel=\"noopener noreferrer\"><img loading=\"lazy\" decoding=\"async\" class=\"aligncenter wp-image-475\" src=\"https:\/\/www.lupovet-pflanzt.org\/wp-content\/uploads\/2019\/10\/entwicklung_der_treibhausgasemissionen_in_deutschland_nach_sektoren_1990bis2012_pi-2014-03_2.jpg\" alt=\"\" width=\"539\" height=\"298\" srcset=\"https:\/\/www.lupovet-pflanzt.org\/wp-content\/uploads\/2019\/10\/entwicklung_der_treibhausgasemissionen_in_deutschland_nach_sektoren_1990bis2012_pi-2014-03_2.jpg 2000w, https:\/\/www.lupovet-pflanzt.org\/wp-content\/uploads\/2019\/10\/entwicklung_der_treibhausgasemissionen_in_deutschland_nach_sektoren_1990bis2012_pi-2014-03_2-300x166.jpg 300w, https:\/\/www.lupovet-pflanzt.org\/wp-content\/uploads\/2019\/10\/entwicklung_der_treibhausgasemissionen_in_deutschland_nach_sektoren_1990bis2012_pi-2014-03_2-768x424.jpg 768w, https:\/\/www.lupovet-pflanzt.org\/wp-content\/uploads\/2019\/10\/entwicklung_der_treibhausgasemissionen_in_deutschland_nach_sektoren_1990bis2012_pi-2014-03_2-1024x565.jpg 1024w\" sizes=\"auto, (max-width: 539px) 100vw, 539px\" \/><\/a><\/p>\n<hr \/>\n<h3 style=\"text-align: center;\"><strong><br \/>\nTemperaturentwicklung in Rheinland-Pfalz im Zeitraum 1881 bis 2019<\/strong><\/h3>\n<p><a href=\"https:\/\/www.lupovet-pflanzt.org\/wp-content\/uploads\/2020\/07\/Zeitreihe-1y_air-temp-mean_kalJahr_Bundesland-Rheinland-Pfalz-20200616.png\" target=\"_blank\" rel=\"noopener noreferrer\"><img loading=\"lazy\" decoding=\"async\" class=\"aligncenter wp-image-996\" src=\"https:\/\/www.lupovet-pflanzt.org\/wp-content\/uploads\/2020\/07\/Zeitreihe-1y_air-temp-mean_kalJahr_Bundesland-Rheinland-Pfalz-20200616.png\" alt=\"\" width=\"681\" height=\"397\" srcset=\"https:\/\/www.lupovet-pflanzt.org\/wp-content\/uploads\/2020\/07\/Zeitreihe-1y_air-temp-mean_kalJahr_Bundesland-Rheinland-Pfalz-20200616.png 3428w, https:\/\/www.lupovet-pflanzt.org\/wp-content\/uploads\/2020\/07\/Zeitreihe-1y_air-temp-mean_kalJahr_Bundesland-Rheinland-Pfalz-20200616-300x175.png 300w, https:\/\/www.lupovet-pflanzt.org\/wp-content\/uploads\/2020\/07\/Zeitreihe-1y_air-temp-mean_kalJahr_Bundesland-Rheinland-Pfalz-20200616-1024x597.png 1024w, https:\/\/www.lupovet-pflanzt.org\/wp-content\/uploads\/2020\/07\/Zeitreihe-1y_air-temp-mean_kalJahr_Bundesland-Rheinland-Pfalz-20200616-768x448.png 768w, https:\/\/www.lupovet-pflanzt.org\/wp-content\/uploads\/2020\/07\/Zeitreihe-1y_air-temp-mean_kalJahr_Bundesland-Rheinland-Pfalz-20200616-1536x896.png 1536w, https:\/\/www.lupovet-pflanzt.org\/wp-content\/uploads\/2020\/07\/Zeitreihe-1y_air-temp-mean_kalJahr_Bundesland-Rheinland-Pfalz-20200616-2048x1195.png 2048w\" sizes=\"auto, (max-width: 681px) 100vw, 681px\" \/><\/a><\/p>\n<hr \/>\n<p style=\"text-align: center;\"><strong>Zeitpunkte des Kirschbl\u00fctenfest in Japan \u00fcber 500 Jahre<\/strong><\/p>\n<p style=\"text-align: center;\"><a href=\"https:\/\/www.lupovet-pflanzt.org\/wp-content\/uploads\/2021\/04\/Kirschbluetenfest_japan_zeitpunkt.jpg\" target=\"_blank\" rel=\"noopener noreferrer\"><img loading=\"lazy\" decoding=\"async\" class=\"aligncenter wp-image-1107\" src=\"https:\/\/www.lupovet-pflanzt.org\/wp-content\/uploads\/2021\/04\/Kirschbluetenfest_japan_zeitpunkt.jpg\" alt=\"\" width=\"713\" height=\"446\" srcset=\"https:\/\/www.lupovet-pflanzt.org\/wp-content\/uploads\/2021\/04\/Kirschbluetenfest_japan_zeitpunkt.jpg 981w, https:\/\/www.lupovet-pflanzt.org\/wp-content\/uploads\/2021\/04\/Kirschbluetenfest_japan_zeitpunkt-300x187.jpg 300w, https:\/\/www.lupovet-pflanzt.org\/wp-content\/uploads\/2021\/04\/Kirschbluetenfest_japan_zeitpunkt-768x480.jpg 768w\" sizes=\"auto, (max-width: 713px) 100vw, 713px\" \/><\/a><\/p>\n","protected":false},"excerpt":{"rendered":"<p>Beim Anklicken der Abbildungen \u00f6ffnen sich diese jeweils als gro\u00dfe Ansicht: Kohlendioxidemissionen in Deutschland T\u00f6dliche Hitzetage (37\u00b0C 100%Feuchte) im Jahr 2100 bei einer Temperaturerh\u00f6hung von 4 &#8211; 5 \u00b0 C Temperaturanstieg bis 2100 Entwicklung der Treibhausgasemissionen in Deutschland nach Sektoren<\/p>\n","protected":false},"author":3,"featured_media":0,"parent":320,"menu_order":3,"comment_status":"closed","ping_status":"closed","template":"","meta":{"footnotes":""},"class_list":["post-474","page","type-page","status-publish","hentry"],"_links":{"self":[{"href":"https:\/\/www.lupovet-pflanzt.org\/index.php\/wp-json\/wp\/v2\/pages\/474","targetHints":{"allow":["GET"]}}],"collection":[{"href":"https:\/\/www.lupovet-pflanzt.org\/index.php\/wp-json\/wp\/v2\/pages"}],"about":[{"href":"https:\/\/www.lupovet-pflanzt.org\/index.php\/wp-json\/wp\/v2\/types\/page"}],"author":[{"embeddable":true,"href":"https:\/\/www.lupovet-pflanzt.org\/index.php\/wp-json\/wp\/v2\/users\/3"}],"replies":[{"embeddable":true,"href":"https:\/\/www.lupovet-pflanzt.org\/index.php\/wp-json\/wp\/v2\/comments?post=474"}],"version-history":[{"count":14,"href":"https:\/\/www.lupovet-pflanzt.org\/index.php\/wp-json\/wp\/v2\/pages\/474\/revisions"}],"predecessor-version":[{"id":1108,"href":"https:\/\/www.lupovet-pflanzt.org\/index.php\/wp-json\/wp\/v2\/pages\/474\/revisions\/1108"}],"up":[{"embeddable":true,"href":"https:\/\/www.lupovet-pflanzt.org\/index.php\/wp-json\/wp\/v2\/pages\/320"}],"wp:attachment":[{"href":"https:\/\/www.lupovet-pflanzt.org\/index.php\/wp-json\/wp\/v2\/media?parent=474"}],"curies":[{"name":"wp","href":"https:\/\/api.w.org\/{rel}","templated":true}]}}