{"id":661,"date":"2019-11-22T14:34:45","date_gmt":"2019-11-22T12:34:45","guid":{"rendered":"https:\/\/rotary-plants.org\/?page_id=661"},"modified":"2020-09-29T15:08:17","modified_gmt":"2020-09-29T13:08:17","slug":"die-co2-uhr-tickt","status":"publish","type":"page","link":"https:\/\/www.lupovet-pflanzt.org\/index.php\/fakten\/die-co2-uhr-tickt\/","title":{"rendered":"Die CO2-Uhr tickt"},"content":{"rendered":"<h2>So schnell tickt die CO\u2082-Uhr<\/h2>\n<p class=\"bodytext\" style=\"text-align: justify;\"><b>Die CO<sub>2<\/sub>-Uhr des MCC veranschaulicht, wieviel CO<sub>2<\/sub> in die Atmosph\u00e4re abgegeben werden darf, um die globale Erw\u00e4rmung auf maximal 1,5\u00b0C beziehungsweise 2\u00b0C zu begrenzen. Mit wenigen Klicks k\u00f6nnen Sie die Sch\u00e4tzungen f\u00fcr beide Temperaturziele vergleichen und sehen, wieviel Zeit im jeweiligen Szenario bleibt. <\/b><\/p>\n<p class=\"bodytext\" style=\"text-align: justify;\">Im Einklang mit dem j\u00fcngsten<a class=\"external-link-new-window\" title=\"Opens internal link in current window\" href=\"https:\/\/www.ipcc.ch\/report\/sr15\/\" target=\"_blank\" rel=\"noopener noreferrer\"><strong> Sonderbericht des Weltklimarats (IPCC) \u00fcber \u201e1,5 Grad Celsius globale Erw\u00e4rmung\u201c<\/strong><\/a> hat das Mercator Research Institute on Global Commons and Climate Change (MCC) seine CO<sub>2<\/sub>-Uhr auf den neusten Stand gebracht.<\/p>\n<p class=\"bodytext\" style=\"text-align: justify;\">2015 hatten alle Staaten weltweit mit dem Klimaabkommen von Paris das Ziel gefasst, die Erderw\u00e4rmung im globalen Mittel auf deutlich unter 2\u00b0C (m\u00f6glichst 1,5\u00b0C) im Vergleich zum vorindustriellen Niveau zu begrenzen. Ein ambitioniertes Ziel.<\/p>\n<p class=\"bodytext\" style=\"text-align: justify;\">Der Sonderbericht vom Oktober 2018 pr\u00e4sentiert neue Zahlen. Demnach k\u00f6nnen noch knapp 420 Gigatonnen (Gt) CO<sub>2<\/sub> in die Atmosph\u00e4re abgegeben werden, um das 1,5-Grad-Ziel nicht zu verfehlen. Da die Welt jedoch jedes Jahr circa 42 Gt an CO<sub>2<\/sub> ausst\u00f6\u00dft \u2013 rechnerisch entspricht dies 1332 Tonnen pro Sekunde \u2013 d\u00fcrfte dieses Budget in gut neun Jahren aufgebraucht sein. Das Budget von circa 1170 Gt f\u00fcr das Zwei-Grad-Ziel wird in etwa 26 Jahren ersch\u00f6pft sein.<\/p>\n<p style=\"text-align: center;\"><iframe style=\"width: 600px; height: 340px;\" src=\"https:\/\/www.mcc-berlin.net\/fileadmin\/data\/clock\/carbon_clock.htm?i=3267263\"><\/iframe><\/p>\n<p class=\"bodytext\" style=\"text-align: justify;\">Die Uhr tickt also weiter und zeigt wie wenig Zeit den politischen Entscheidern bleibt. Als Besucher der MCC-Website k\u00f6nnen Sie interaktiv nachvollziehen, welche politischen Ziele\u00a0 welchen Zeitrahmen f\u00fcr konkretes Handeln lassen:<\/p>\n<p class=\"bodytext\" style=\"text-align: justify;\">Links oben wird Ihnen mit einem Klick das Szenario f\u00fcr das 2-Grad-Ziel angezeigt, rechts f\u00fcr das 1,5-Grad-Ziel \u2013 in beiden F\u00e4llen zeigt die Uhr das noch verbleibende CO<sub>2<\/sub>-Budget \u2013 und die verbleibende Zeit.<\/p>\n<p class=\"bodytext\" style=\"text-align: justify;\">Die Idee des CO<sub>2<\/sub>-Budgets fu\u00dft auf einem nahezu linearen Zusammenhang zwischen den kumulativen Emissionen einerseits und dem Temperaturanstieg andererseits. Aus dem Ablaufen des verf\u00fcgbaren CO<sub>2<\/sub>-Budgets zum Erreichen des 1,5-Grad-Ziels l\u00e4sst sich indes nicht ableiten, dass sich die Erde dann um 1,5 Grad erw\u00e4rmt h\u00e4tte. Dies h\u00e4ngt auch damit zusammen, dass die Reaktion der Emissionen auf die Temperatur erst sp\u00e4ter sichtbar wird als beim reinen Blick auf die Konzentration der Emissionen in der Atmosph\u00e4re.<\/p>\n<p style=\"text-align: justify;\">Mit der Aktualisierung der CO<sub>2<\/sub>-Uhr des MCC auf Grundlage des IPCC-Sonderberichts geht zugleich eine technische Ver\u00e4nderung einher: Bisher hatte der Weltklimarat die Gr\u00f6\u00dfe des Budgets in Form von einer geringeren (33 prozentigen), einer mittleren (50 prozentigen) und einer hohen Wahrscheinlichkeit (66 prozentigen) abgebildet. Im Lichte der neuen Erkenntnisse sprechen die Wissenschaftlerinnen und Wissenschaftler nun davon, dass das errechnete Budget von 420 Gt f\u00fcr das 1,5-Grad-Ziel mit 66 Prozent der untersuchten Szenarien erreichbar ist. Damit werden Unsicherheiten verlagert: Weg von der Wahrscheinlichkeit, das Temperaturziel einzuhalten \u2013 und hin zu der Wahrscheinlichkeit, dass die Modelle das Ziel einhalten.<\/p>\n<p class=\"bodytext\" style=\"text-align: justify;\">Auch wenn die CO<sub>2<\/sub>-Uhr eine pr\u00e4zise Messung der verbleibenden Zeit f\u00fcr aktiven Klimaschutz suggeriert, so bleiben doch viele Unsicherheitsfaktoren bestehen, die sich unter anderem aus unterschiedlichen Definitionen des 1,5\u00b0C-Ziels, unterschiedlichen Annahmen \u00fcber die Klimasensitivit\u00e4t und den Grad der bisherigen Erw\u00e4rmung sowie der zuk\u00fcnftigen Entwicklung anderer Treibhausgase ergeben. Weiterhin ist der Berechnung zugrunde gelegt, dass die j\u00e4hrlichen Emissionen auf dem Niveau von 2017 verharren, w\u00e4hrend die neuesten Zahlen zeigen, dass die Emissionen immer noch steigen.<br \/>\n<strong>Quelle und mehr Information: <a href=\"https:\/\/www.mcc-berlin.net\/forschung\/co2-budget.html\" target=\"_blank\" rel=\"noopener noreferrer\">https:\/\/www.mcc-berlin.net\/forschung\/co2-budget.html<\/a><\/strong><\/p>\n<hr \/>\n<p><strong>Keeling-Kurve<\/strong><\/p>\n<p><span lang=\"de\">Die Keeling-Kurve ist eine t\u00e4gliche Aufzeichnung der globalen atmosph\u00e4rischen Kohlendioxidkonzentration, die von der Scripps Institution of Oceanography an der UC San Diego gef\u00fchrt wird.<\/span><\/p>\n<p><a href=\"https:\/\/scripps.ucsd.edu\/programs\/keelingcurve\/\" target=\"_blank\" rel=\"noopener noreferrer\"><img loading=\"lazy\" decoding=\"async\" class=\"aligncenter wp-image-927 size-full\" src=\"https:\/\/rotary-plants.org\/wp-content\/uploads\/2020\/05\/co2_10k.png\" alt=\"\" width=\"1000\" height=\"600\" srcset=\"https:\/\/www.lupovet-pflanzt.org\/wp-content\/uploads\/2020\/05\/co2_10k.png 1000w, https:\/\/www.lupovet-pflanzt.org\/wp-content\/uploads\/2020\/05\/co2_10k-300x180.png 300w, https:\/\/www.lupovet-pflanzt.org\/wp-content\/uploads\/2020\/05\/co2_10k-768x461.png 768w\" sizes=\"auto, (max-width: 1000px) 100vw, 1000px\" \/><\/a><\/p>\n<div id=\"KnM9nf\"><\/div>\n<p>&nbsp;<\/p>\n<hr \/>\n<p><span style=\"color: #000000;\"><strong><span style=\"font-size: 12pt;\">Unser Fazit:<\/span><\/strong><\/span><\/p>\n<p><span style=\"font-size: 12pt;\">Selbst wenn alle Regierungen sich an alle Versprechen halten, kann sich die Erde auf 4\u00b0C aufheizen. <strong><br \/>\n<\/strong>Das setzt (Kipp-) Effekte in Gang, die sich nicht mehr kontrollieren lassen.<\/span><\/p>\n<p><span style=\"color: #ff5e00;\"><strong><span style=\"color: #000000;\">Die Folgen:<\/span> <\/strong><\/span><span style=\"color: #000000;\"><strong>D\u00fcrren, \u00dcberflutungen, Hunger, Klima-Fl\u00fcchtlinge, Kriege.<\/strong><\/span><\/p>\n<p><span style=\"color: #7d1111;\"><strong>Wir brauchen mehr Zeit!<\/strong><\/span> Diese Zeit verschaffen uns B\u00e4ume. <strong><span style=\"color: #008000;\">Sie schenken uns aber auch und vor allen nach uns wie bereits unseren eigenen Kindern! einen Zeitjoker.<\/span> <\/strong><\/p>\n<p>Wir m\u00fcssen die CO2-Emissionen reduzieren und gleichzeitig O2 schaffen, also <strong><a href=\"https:\/\/www.lupovet-pflanzt.org\/index.php\/projekte\/\">B\u00e4ume pflanzen<\/a><\/strong>.<\/p>\n<p>Beides macht echt Freude und schafft Achtsamkeit (der Autor).<\/p>\n<p><img loading=\"lazy\" decoding=\"async\" class=\"aligncenter wp-image-850\" src=\"https:\/\/rotary-plants.org\/wp-content\/uploads\/2020\/01\/time_to_change_pixabay3842467_980.jpg\" alt=\"\" width=\"648\" height=\"378\" srcset=\"https:\/\/www.lupovet-pflanzt.org\/wp-content\/uploads\/2020\/01\/time_to_change_pixabay3842467_980.jpg 980w, https:\/\/www.lupovet-pflanzt.org\/wp-content\/uploads\/2020\/01\/time_to_change_pixabay3842467_980-300x175.jpg 300w, https:\/\/www.lupovet-pflanzt.org\/wp-content\/uploads\/2020\/01\/time_to_change_pixabay3842467_980-768x448.jpg 768w\" sizes=\"auto, (max-width: 648px) 100vw, 648px\" \/><\/p>\n","protected":false},"excerpt":{"rendered":"<p>So schnell tickt die CO\u2082-Uhr Die CO2-Uhr des MCC veranschaulicht, wieviel CO2 in die Atmosph\u00e4re abgegeben werden darf, um die globale Erw\u00e4rmung auf maximal 1,5\u00b0C beziehungsweise 2\u00b0C zu begrenzen. Mit wenigen Klicks k\u00f6nnen Sie die Sch\u00e4tzungen f\u00fcr beide Temperaturziele vergleichen<\/p>\n","protected":false},"author":3,"featured_media":0,"parent":320,"menu_order":3,"comment_status":"closed","ping_status":"closed","template":"","meta":{"footnotes":""},"class_list":["post-661","page","type-page","status-publish","hentry"],"_links":{"self":[{"href":"https:\/\/www.lupovet-pflanzt.org\/index.php\/wp-json\/wp\/v2\/pages\/661","targetHints":{"allow":["GET"]}}],"collection":[{"href":"https:\/\/www.lupovet-pflanzt.org\/index.php\/wp-json\/wp\/v2\/pages"}],"about":[{"href":"https:\/\/www.lupovet-pflanzt.org\/index.php\/wp-json\/wp\/v2\/types\/page"}],"author":[{"embeddable":true,"href":"https:\/\/www.lupovet-pflanzt.org\/index.php\/wp-json\/wp\/v2\/users\/3"}],"replies":[{"embeddable":true,"href":"https:\/\/www.lupovet-pflanzt.org\/index.php\/wp-json\/wp\/v2\/comments?post=661"}],"version-history":[{"count":21,"href":"https:\/\/www.lupovet-pflanzt.org\/index.php\/wp-json\/wp\/v2\/pages\/661\/revisions"}],"predecessor-version":[{"id":1071,"href":"https:\/\/www.lupovet-pflanzt.org\/index.php\/wp-json\/wp\/v2\/pages\/661\/revisions\/1071"}],"up":[{"embeddable":true,"href":"https:\/\/www.lupovet-pflanzt.org\/index.php\/wp-json\/wp\/v2\/pages\/320"}],"wp:attachment":[{"href":"https:\/\/www.lupovet-pflanzt.org\/index.php\/wp-json\/wp\/v2\/media?parent=661"}],"curies":[{"name":"wp","href":"https:\/\/api.w.org\/{rel}","templated":true}]}}