{"id":73,"date":"2018-10-23T08:32:35","date_gmt":"2018-10-23T08:32:35","guid":{"rendered":"https:\/\/futuriodemos.com\/default-demo\/?page_id=72"},"modified":"2020-09-29T14:45:31","modified_gmt":"2020-09-29T12:45:31","slug":"contact","status":"publish","type":"page","link":"https:\/\/www.lupovet-pflanzt.org\/index.php\/contact\/","title":{"rendered":"Impressum"},"content":{"rendered":"<p>Verantwortlicher f\u00fcr den Inhalt dieser Website ist:<\/p>\n<p><span class=\"ds23\">Dr.med.vet. Elmar Breuer<\/span><\/p>\n<p>\u00d6stliche Allee 11, D- 79379 M\u00fcllheim<br \/>\nFon +49 7631 9381252<span class=\"ds23\"><br \/>\nE-Mail: info AT lupovet-pflanzt DOT org<\/span><\/p>\n","protected":false},"excerpt":{"rendered":"<p>Verantwortlicher f\u00fcr den Inhalt dieser Website ist: Dr.med.vet. Elmar Breuer \u00d6stliche Allee 11, D- 79379 M\u00fcllheim Fon +49 7631 9381252 E-Mail: info AT lupovet-pflanzt DOT org<\/p>\n","protected":false},"author":3,"featured_media":0,"parent":0,"menu_order":0,"comment_status":"closed","ping_status":"closed","template":"","meta":{"footnotes":""},"class_list":["post-73","page","type-page","status-publish","hentry"],"_links":{"self":[{"href":"https:\/\/www.lupovet-pflanzt.org\/index.php\/wp-json\/wp\/v2\/pages\/73","targetHints":{"allow":["GET"]}}],"collection":[{"href":"https:\/\/www.lupovet-pflanzt.org\/index.php\/wp-json\/wp\/v2\/pages"}],"about":[{"href":"https:\/\/www.lupovet-pflanzt.org\/index.php\/wp-json\/wp\/v2\/types\/page"}],"author":[{"embeddable":true,"href":"https:\/\/www.lupovet-pflanzt.org\/index.php\/wp-json\/wp\/v2\/users\/3"}],"replies":[{"embeddable":true,"href":"https:\/\/www.lupovet-pflanzt.org\/index.php\/wp-json\/wp\/v2\/comments?post=73"}],"version-history":[{"count":6,"href":"https:\/\/www.lupovet-pflanzt.org\/index.php\/wp-json\/wp\/v2\/pages\/73\/revisions"}],"predecessor-version":[{"id":1070,"href":"https:\/\/www.lupovet-pflanzt.org\/index.php\/wp-json\/wp\/v2\/pages\/73\/revisions\/1070"}],"wp:attachment":[{"href":"https:\/\/www.lupovet-pflanzt.org\/index.php\/wp-json\/wp\/v2\/media?parent=73"}],"curies":[{"name":"wp","href":"https:\/\/api.w.org\/{rel}","templated":true}]}}