{"id":736,"date":"2019-11-26T12:18:13","date_gmt":"2019-11-26T10:18:13","guid":{"rendered":"https:\/\/rotary-plants.org\/?page_id=736"},"modified":"2024-10-22T10:50:36","modified_gmt":"2024-10-22T08:50:36","slug":"links","status":"publish","type":"page","link":"https:\/\/www.lupovet-pflanzt.org\/index.php\/und-ich\/links\/","title":{"rendered":"Links \/ Literatur"},"content":{"rendered":"<p>weiterf\u00fchrende Literatur (wird stetig erweitert, vielleicht auch durch dich?!&#8230;):<\/p>\n<p><strong>FAQ &#8211; Wissenswertes rund um Klimawandel und Klimaschutz<\/strong><br \/>\n<a href=\"https:\/\/www.myclimate.org\/de\/informieren\/faq\/\" target=\"_blank\" rel=\"noopener noreferrer\">https:\/\/www.myclimate.org\/de\/informieren\/faq\/<\/a><\/p>\n<p><strong>HVO &#8211; Nachhaltiger Dieselersatz<\/strong><br \/>\n<a href=\"https:\/\/efuel-today.com\/hvo\" target=\"_blank\" rel=\"noopener\">https:\/\/efuel-today.com\/hvo<\/a><\/p>\n<p class=\"hero-text__title\"><strong>Kraftstoff aus Frittenfett von der Maus erkl\u00e4rt<br \/>\n<\/strong><a href=\"https:\/\/www.ardmediathek.de\/video\/die-maus\/kraftstoff-aus-frittenfett\/das-erste\/Y3JpZDovL3dkci5kZS9CZWl0cmFnLXNvcGhvcmEtZTFhNTA2OWUtZDIwOS00MTg0LWIyN2EtZGM0YzBhM2NhY2M2\">https:\/\/www.ardmediathek.de\/video\/die-maus\/kraftstoff-aus-frittenfett\/das-erste\/Y3JpZDovL3dkci5kZS9CZWl0cmFnLXNvcGhvcmEtZTFhNTA2OWUtZDIwOS00MTg0LWIyN2EtZGM0YzBhM2NhY2M2<\/a><\/p>\n<p class=\"hero-text__title\"><strong>Emission-free solar cooking<\/strong><br \/>\n<a href=\"https:\/\/www.livingcircular.veolia.com\/en\/eco-citizen\/emission-free-solar-cooking\" target=\"_blank\" rel=\"noopener noreferrer\">https:\/\/www.livingcircular.veolia.com\/en\/eco-citizen\/emission-free-solar-cooking<\/a><\/p>\n<p>Schnelle Regeneration dank aktiver Renaturierung \/ ETH Z\u00fcrich \/ Langzeitstudie auf Borneo:<br \/>\n<a href=\"https:\/\/ethz.ch\/de\/news-und-veranstaltungen\/eth-news\/news\/2020\/08\/wald-renaturierung-sabah.html\" target=\"_blank\" rel=\"noopener noreferrer\">https:\/\/ethz.ch\/de\/news-und-veranstaltungen\/eth-news\/news\/2020\/08\/wald-renaturierung-sabah.html<\/a><\/p>\n<p><strong>Am anderen Ende der Welt &#8211; hier w\u00e4chst Hoffnung<br \/>\n<\/strong><a href=\"https:\/\/rotary-plants.org\/wp-content\/uploads\/2020\/09\/am_anderen_ende_der_welt_hier_waechst_hoffnung.jpg\" target=\"_blank\" rel=\"noopener noreferrer\">Langzeitstudie zeigt, dass sich Tropenw\u00e4lder nicht nur schneller erholen als gedacht..<\/a><strong><br \/>\n<\/strong><\/p>\n<p><strong>Lockdown verbessert Luftqualit\u00e4t &#8211;<\/strong> <a href=\"https:\/\/www.wetteronline.de\/wetternews\/erstmals-wetter-beruecksichtigt-lockdown-verbessert-luftqualitaet-2020-05-13-vl\" target=\"_blank\" rel=\"noopener noreferrer\">Erstmals Wetter ber\u00fccksichtigt &#8211; Wetternews &#8211; WetterOnline<\/a><\/p>\n<p>Woher kommt das Unwetter?!: Wahrheitsfindende <strong>Attributionswissenschaft<\/strong> verst\u00e4ndlich: <a href=\"https:\/\/www.buecher.de\/shop\/meteorologie\/wuetendes-wetter\/otto-friederike\/products_products\/detail\/prod_id\/54461481\/\" target=\"_blank\" rel=\"noopener noreferrer\">Friederike Otto: W\u00fctendes Wetter<\/a><\/p>\n<p>Energie-Bedarf oder: Was westliche <strong>Politik im Orient<\/strong> anrichtet: <a href=\"https:\/\/www.buecher.de\/shop\/frieden\/wer-den-wind-saet\/lueders-michael\/products_products\/detail\/prod_id\/58101437\/\" target=\"_blank\" rel=\"noopener noreferrer\">Michael L\u00fcders &#171;Wer den Wind s\u00e4t&#187;<\/a><\/p>\n<p>Energiesysteme, regenerativ: <a href=\"https:\/\/www.hanser-fachbuch.de\/buch\/Regenerative+Energiesysteme\/9783446461130\" target=\"_blank\" rel=\"noopener noreferrer\">Volker Quaschning<\/a><\/p>\n<p><a href=\"https:\/\/www.buecher.de\/shop\/geooekologie\/globale-erwaermung\/houghton-john\/products_products\/detail\/prod_id\/23925118\/\" target=\"_blank\" rel=\"noopener noreferrer\">Globale Erw\u00e4rmung: John Houhgton<\/a><\/p>\n<p><strong>Pflanzen<\/strong>&#8230;mal ganz anders: <a href=\"https:\/\/www.buecher.de\/shop\/pflanzen-allgemein\/das-geheime-leben-der-pflanzen\/bird-christopher-tompkins-peter\/products_products\/detail\/prod_id\/49540039\/\" target=\"_blank\" rel=\"noopener noreferrer\">Peter Tompkins\/Christopher Bird: das geheime Leben der Pflanzen<\/a><\/p>\n<p><strong>TO DO\u00b4s<\/strong> f\u00fcr jedermann: <a href=\"http:\/\/www.oekosystem-erde.de\/html\/monbiot-2006.html\" target=\"_blank\" rel=\"noopener noreferrer\">George Monbiot &#171;Hitze&#187;<\/a><\/p>\n<hr \/>\n<p>Informieren:<br \/>\n<a href=\"https:\/\/www.volker-quaschning.de\/index.php\" target=\"_blank\" rel=\"noopener noreferrer\"><strong>Erneuerbare Energie- und Klimaschutz<\/strong><\/a> Prof. Dr.-Ing. habil. Volker Quaschning<br \/>\n<strong><a href=\"https:\/\/www.klimafakten.de\/fakten-statt-behauptungen\/fakt-ist\" target=\"_blank\" rel=\"noopener noreferrer\">Klimafakten.de\/fakten-statt-behauptungen<\/a><\/strong><br \/>\n<a href=\"https:\/\/www.greenpeace.de\/themen\/klimawandel\/folgen-des-klimawandels\" target=\"_blank\" rel=\"noopener noreferrer\"><strong>Greenpeace Thema Klimawandel<\/strong><\/a><br \/>\n<a href=\"https:\/\/www.naturefund.de\/wissen\/co2_rechner\/\" target=\"_blank\" rel=\"noopener noreferrer\"><strong>CO2-Rechner<\/strong><\/a><\/p>\n<hr \/>\n<p>Nachhaltiger leben:<br \/>\n<a href=\"https:\/\/utopia.de\/\" target=\"_blank\" rel=\"noopener noreferrer\"><strong>Utopia &#8211; viele Infos zum Thema Nachhaltigkeit<\/strong><\/a><br \/>\n<a href=\"https:\/\/www.myclimate.org\" target=\"_blank\" rel=\"noopener noreferrer\"><strong>myclimate.org<\/strong><\/a><br \/>\n<a href=\"https:\/\/www.smarticular.net\/\" target=\"_blank\" rel=\"noopener noreferrer\"><strong>Smarticular<\/strong><\/a><br \/>\n<strong><a href=\"https:\/\/www.nabu.de\/umwelt-und-ressourcen\/oekologisch-leben\/index.html\" target=\"_blank\" rel=\"noopener noreferrer\">Nabu &#8211; \u00d6kologisch leben<\/a><br \/>\n<a href=\"https:\/\/www.bund-naturschutz.de\/oekologisch-leben.html\" target=\"_blank\" rel=\"noopener noreferrer\">Bund Naturschutz &#8211; \u00d6kologisch leben<\/a><br \/>\n<a href=\"https:\/\/www.buendnis-buergerenergie.de\/fileadmin\/user_upload\/downloads\/Broschuere_Klimaschutz_selbermachen\/Brosch%C3%BCre%20B%C3%BCrgerenergie_interaktiv17small.pdf\" target=\"_blank\" rel=\"noopener noreferrer\">Brosch\u00fcre Klimaschutz selber machen vom B\u00fcndnis B\u00fcrgerenergie<\/a><br \/>\n<a href=\"http:\/\/100-prozent-erneuerbar.de\" target=\"_blank\" rel=\"noopener noreferrer\">100-prozent-erneuerbar.de<\/a><br \/>\n<a href=\"https:\/\/ecoyou.de\/plastikfrei-leben\/\" target=\"_blank\" rel=\"noopener noreferrer\">EcoYou &#8211; Plastikfrei leben<\/a><br \/>\n<\/strong><strong><a href=\"https:\/\/zerowastemap.org\/de\/\" target=\"_blank\" rel=\"noopener noreferrer\">Zero Waste Map<\/a><\/strong><\/p>\n<hr \/>\n<p>Wirksam kommunizieren in Sachen Klimawandel:<br \/>\n<strong><a href=\"https:\/\/www.klimafakten.de\/meldung\/wirksam-kommunizieren-sachen-klimawandel-weiterbildungs-angebote-im-ueberblick\" target=\"_blank\" rel=\"noopener noreferrer\">Weiterbildungs-Angebote im \u00dcberblick | klimafakten.de<\/a><\/strong><\/p>\n<hr \/>\n<p>Klimafreundliche Suchmaschine: <strong><a href=\"https:\/\/www.ecosia.org\/\" target=\"_blank\" rel=\"noopener noreferrer\">Ecosia<\/a><\/strong><\/p>\n<hr \/>\n<p>Umweltbewu\u00dft reisen<br \/>\n<strong><a href=\"https:\/\/www.wanderbares-deutschland.de\/\" target=\"_blank\" rel=\"noopener noreferrer\">Wanderbares Deutschland<\/a><br \/>\n<a href=\"https:\/\/www.fernwege.de\/wandern\/index.html\" target=\"_blank\" rel=\"noopener noreferrer\">Fernwege &#8211; Wandern in Europa<\/a><\/strong><br \/>\n<a href=\"https:\/\/www.adfc.de\/themen\/auf-tour\/radrouten\/radtouren\/\" target=\"_blank\" rel=\"noopener noreferrer\"><strong>Allgemeiner Deutscher Fahrrad-Club Radtouren<\/strong><\/a><br \/>\n<a href=\"https:\/\/www.wirsindanderswo.de\/home\/\" target=\"_blank\" rel=\"noopener noreferrer\"><strong>Anderswo &#8211; Europa nachhaltig entdecken<\/strong><\/a><br \/>\n<strong><a href=\"https:\/\/www.bessermitfahren.de\/\" target=\"_blank\" rel=\"noopener noreferrer\">Besser mitfahren<\/a><\/strong><br \/>\n<strong><br \/>\n<\/strong><\/p>\n<hr \/>\n<p><a href=\"https:\/\/www.lupovet.de\/media\/pdf\/21\/2c\/c2\/ps-broschuere-datadock-de.pdf\" target=\"_blank\" rel=\"noopener noreferrer\">Diese Seite wird klimaneutral gehostet.<\/a><\/p>\n<p>&nbsp;<\/p>\n","protected":false},"excerpt":{"rendered":"<p>weiterf\u00fchrende Literatur (wird stetig erweitert, vielleicht auch durch dich?!&#8230;): FAQ &#8211; Wissenswertes rund um Klimawandel und Klimaschutz https:\/\/www.myclimate.org\/de\/informieren\/faq\/ HVO &#8211; Nachhaltiger Dieselersatz https:\/\/efuel-today.com\/hvo Kraftstoff aus Frittenfett von der Maus erkl\u00e4rt https:\/\/www.ardmediathek.de\/video\/die-maus\/kraftstoff-aus-frittenfett\/das-erste\/Y3JpZDovL3dkci5kZS9CZWl0cmFnLXNvcGhvcmEtZTFhNTA2OWUtZDIwOS00MTg0LWIyN2EtZGM0YzBhM2NhY2M2 Emission-free solar cooking https:\/\/www.livingcircular.veolia.com\/en\/eco-citizen\/emission-free-solar-cooking Schnelle Regeneration dank aktiver Renaturierung<\/p>\n","protected":false},"author":3,"featured_media":0,"parent":331,"menu_order":5,"comment_status":"closed","ping_status":"closed","template":"","meta":{"footnotes":""},"class_list":["post-736","page","type-page","status-publish","hentry"],"_links":{"self":[{"href":"https:\/\/www.lupovet-pflanzt.org\/index.php\/wp-json\/wp\/v2\/pages\/736","targetHints":{"allow":["GET"]}}],"collection":[{"href":"https:\/\/www.lupovet-pflanzt.org\/index.php\/wp-json\/wp\/v2\/pages"}],"about":[{"href":"https:\/\/www.lupovet-pflanzt.org\/index.php\/wp-json\/wp\/v2\/types\/page"}],"author":[{"embeddable":true,"href":"https:\/\/www.lupovet-pflanzt.org\/index.php\/wp-json\/wp\/v2\/users\/3"}],"replies":[{"embeddable":true,"href":"https:\/\/www.lupovet-pflanzt.org\/index.php\/wp-json\/wp\/v2\/comments?post=736"}],"version-history":[{"count":31,"href":"https:\/\/www.lupovet-pflanzt.org\/index.php\/wp-json\/wp\/v2\/pages\/736\/revisions"}],"predecessor-version":[{"id":1218,"href":"https:\/\/www.lupovet-pflanzt.org\/index.php\/wp-json\/wp\/v2\/pages\/736\/revisions\/1218"}],"up":[{"embeddable":true,"href":"https:\/\/www.lupovet-pflanzt.org\/index.php\/wp-json\/wp\/v2\/pages\/331"}],"wp:attachment":[{"href":"https:\/\/www.lupovet-pflanzt.org\/index.php\/wp-json\/wp\/v2\/media?parent=736"}],"curies":[{"name":"wp","href":"https:\/\/api.w.org\/{rel}","templated":true}]}}