{"id":835,"date":"2020-01-21T11:43:53","date_gmt":"2020-01-21T09:43:53","guid":{"rendered":"https:\/\/rotary-plants.org\/?page_id=835"},"modified":"2020-09-29T15:56:01","modified_gmt":"2020-09-29T13:56:01","slug":"co2-schon-heute-entsorgen","status":"publish","type":"page","link":"https:\/\/www.lupovet-pflanzt.org\/index.php\/fakten\/co2-schon-heute-entsorgen\/","title":{"rendered":"CO2 schon heute entsorgen"},"content":{"rendered":"<p style=\"text-align: left;\">Schon heute gibt es einige Techniken um CO2 sinnvoll einzusetzen bzw. zu entsorgen.<br \/>\nKeine Utopie, es gibt mittlerweile C02-Sauger.<br \/>\nC02 kann als D\u00fcngemittel f\u00fcr Pflanzen in Gew\u00e4chsh\u00e4usern und f\u00fcr die Herstellung von Brausegetr\u00e4nken verwendet werden.<br \/>\nAuch ein Einsatz von CO2 in Kombination mit Wasserstoff als emissionsfreier Treibstoff wird erforscht.<br \/>\nAlgen, die durch CO2 besonders schnell wachsen, k\u00f6nnten durch ihre besonders wertvolle Zusammensetzung zu einer Beseitung des N\u00e4hrstoffmangels der Welt beitragen.<br \/>\nAuch die Einlagerung von CO2 in Steinen wird schon praktiziert.<\/p>\n<p>Einen guten Einblick gibt dieser Film:<\/p>\n<p>&nbsp;<\/p>\n<p style=\"text-align: center;\"><iframe loading=\"lazy\" src=\"https:\/\/www.youtube.com\/embed\/vKhzBuhog94\" width=\"900\" height=\"540\" frameborder=\"0\" allowfullscreen=\"allowfullscreen\"><span style=\"display: inline-block; width: 0px; overflow: hidden; line-height: 0;\" data-mce-type=\"bookmark\" class=\"mce_SELRES_start\">\ufeff<\/span><\/iframe><\/p>\n<p>Weitere Infos unter:<br \/>\n<strong><a href=\"https:\/\/www.climeworks.com\/\" target=\"_blank\" rel=\"noopener noreferrer\">Climeworks<\/a><br \/>\n<a href=\"https:\/\/www.nationalgeographic.de\/wissenschaft\/2018\/06\/unternehmen-stellt-kraftstoff-mit-co2-aus-der-luft-her\" target=\"_blank\" rel=\"noopener noreferrer\">Unternehmen stellt Kraftstoff mit CO2 aus der Luft her <\/a><br \/>\n<a href=\"https:\/\/www.energate-messenger.de\/news\/187695\/forscher-melden-durchbruch-bei-co2-bindung-durch-algen\" target=\"_blank\" rel=\"noopener noreferrer\">Forscher melden Durchbruch bei CO2-Bindung durch Algen<\/a><br \/>\n<a href=\"https:\/\/www.quarks.de\/umwelt\/klimawandel\/darum-sollten-wir-algen-lieben\/\" target=\"_blank\" rel=\"noopener noreferrer\">Darum sollten wir Algen lieben<\/a><br \/>\n<a href=\"https:\/\/www.fr.de\/wissen\/forscher-versteinern-11103622.html\" target=\"_blank\" rel=\"noopener noreferrer\">Forscher versteinern CO2<\/a><br \/>\n<\/strong><\/p>\n<hr \/>\n<h2 class=\"entry-title\">PEF (Bio-Kunststoff UND CO2-Binder) \u2013 die nachhaltige Alternative zu PET<\/h2>\n<p style=\"text-align: justify;\">Jedes Jahr werden 50 Millionen Tonnen des Kunststoffs PET hergestellt, Tendenz steigend.<br \/>\nDa das Recycling meist kostenintensiv und technologisch schwer umsetzbar ist, landen sehr viele Plastikabf\u00e4lle in den Meeren oder werden verbrannt, wodurch massive C02-\u200bEmissionen verursacht werden.<\/p>\n<p><img loading=\"lazy\" decoding=\"async\" class=\"size-full wp-image-844 aligncenter\" src=\"https:\/\/rotary-plants.org\/wp-content\/uploads\/2020\/01\/plastik_muell_strand_3552363_pixabay_980pix.jpg\" alt=\"\" width=\"980\" height=\"461\" srcset=\"https:\/\/www.lupovet-pflanzt.org\/wp-content\/uploads\/2020\/01\/plastik_muell_strand_3552363_pixabay_980pix.jpg 980w, https:\/\/www.lupovet-pflanzt.org\/wp-content\/uploads\/2020\/01\/plastik_muell_strand_3552363_pixabay_980pix-300x141.jpg 300w, https:\/\/www.lupovet-pflanzt.org\/wp-content\/uploads\/2020\/01\/plastik_muell_strand_3552363_pixabay_980pix-768x361.jpg 768w\" sizes=\"auto, (max-width: 980px) 100vw, 980px\" \/><\/p>\n<p style=\"text-align: justify;\">Das Bioplastik PEF k\u00f6nnte einige Probleme, die das PET verursacht, l\u00f6sen. Die langwierige und energieverschlingende Herstellung hat eine Massenproduktion bislang verhindert. Forscher der ETH Z\u00fcrich haben nun eine Methode entwickelt, die das PEF endlich marktf\u00e4hig machen k\u00f6nnte.<br \/>\n<a href=\"https:\/\/ethz.ch\/de\/news-und-veranstaltungen\/eth-news\/news\/2018\/07\/pef-statt-pet.html\" target=\"_blank\" rel=\"noopener noreferrer\"><strong>Quelle und weitere Infos<\/strong><\/a><\/p>\n<p style=\"text-align: justify;\">Auch Chemiker der Ruhr-Universit\u00e4t Bochum (RUB) haben einen neuen, kosteng\u00fcnstigen Katalysator entwickelt, der die Umwandlung des Bioraffinerieprodukts 5-HMF (5-Hydroxymethylfurfural) in FDCA (2,5-Furandicarbons\u00e4ure) bewirkt. FDCA kann zu Polyestern wie PEF (Polyethylendicarboxyfuranoat) verarbeitet werden, die eine nachhaltige Alternative zu PET sind.<br \/>\n<strong><a href=\"https:\/\/www.plastverarbeiter.de\/77630\/pef-die-nachhaltige-alternative-zu-pet-wird-greifbarer\/\" target=\"_blank\" rel=\"noopener noreferrer\">Quelle und weitere Infos<\/a><\/strong><\/p>\n<hr \/>\n<h2>Viele Wege f\u00fchren aus der Klimakrise.<\/h2>\n<p>Wir sind \u00fcberzeugt:<br \/>\nWenn wir alle M\u00f6glichkeiten nutzen, also sowohl CO2 reduzieren bzw. umzuwandeln als auch <strong><a href=\"https:\/\/www.lupovet-pflanzt.org\/index.php\/projekte\/\">B\u00e4ume pflanzen<\/a><\/strong>, kann auch in Zukunft ein Leben auf diesem Planeten f\u00fcr die Menschheit m\u00f6glich sein.<\/p>\n","protected":false},"excerpt":{"rendered":"<p>Schon heute gibt es einige Techniken um CO2 sinnvoll einzusetzen bzw. zu entsorgen. Keine Utopie, es gibt mittlerweile C02-Sauger. C02 kann als D\u00fcngemittel f\u00fcr Pflanzen in Gew\u00e4chsh\u00e4usern und f\u00fcr die Herstellung von Brausegetr\u00e4nken verwendet werden. Auch ein Einsatz von CO2<\/p>\n","protected":false},"author":3,"featured_media":0,"parent":320,"menu_order":3,"comment_status":"closed","ping_status":"closed","template":"","meta":{"footnotes":""},"class_list":["post-835","page","type-page","status-publish","hentry"],"_links":{"self":[{"href":"https:\/\/www.lupovet-pflanzt.org\/index.php\/wp-json\/wp\/v2\/pages\/835","targetHints":{"allow":["GET"]}}],"collection":[{"href":"https:\/\/www.lupovet-pflanzt.org\/index.php\/wp-json\/wp\/v2\/pages"}],"about":[{"href":"https:\/\/www.lupovet-pflanzt.org\/index.php\/wp-json\/wp\/v2\/types\/page"}],"author":[{"embeddable":true,"href":"https:\/\/www.lupovet-pflanzt.org\/index.php\/wp-json\/wp\/v2\/users\/3"}],"replies":[{"embeddable":true,"href":"https:\/\/www.lupovet-pflanzt.org\/index.php\/wp-json\/wp\/v2\/comments?post=835"}],"version-history":[{"count":16,"href":"https:\/\/www.lupovet-pflanzt.org\/index.php\/wp-json\/wp\/v2\/pages\/835\/revisions"}],"predecessor-version":[{"id":1074,"href":"https:\/\/www.lupovet-pflanzt.org\/index.php\/wp-json\/wp\/v2\/pages\/835\/revisions\/1074"}],"up":[{"embeddable":true,"href":"https:\/\/www.lupovet-pflanzt.org\/index.php\/wp-json\/wp\/v2\/pages\/320"}],"wp:attachment":[{"href":"https:\/\/www.lupovet-pflanzt.org\/index.php\/wp-json\/wp\/v2\/media?parent=835"}],"curies":[{"name":"wp","href":"https:\/\/api.w.org\/{rel}","templated":true}]}}